{"id":283,"date":"2023-04-07T14:26:17","date_gmt":"2023-04-07T12:26:17","guid":{"rendered":"https:\/\/klugar.eu\/blog\/?page_id=283"},"modified":"2023-04-07T14:28:03","modified_gmt":"2023-04-07T12:28:03","slug":"elementor-283","status":"publish","type":"page","link":"https:\/\/klugar.eu\/blog\/elementor-283\/","title":{"rendered":"Klemy ko\u0144cowe od 15gr\/szt"},"content":{"rendered":"\t\t<div data-elementor-type=\"wp-page\" data-elementor-id=\"283\" class=\"elementor elementor-283\">\n\t\t\t\t\t\t<section class=\"elementor-section elementor-top-section elementor-element elementor-element-f5ba796 elementor-section-boxed elementor-section-height-default elementor-section-height-default\" data-id=\"f5ba796\" data-element_type=\"section\" data-e-type=\"section\">\n\t\t\t\t\t\t<div class=\"elementor-container elementor-column-gap-default\">\n\t\t\t\t\t<div class=\"elementor-column elementor-col-100 elementor-top-column elementor-element elementor-element-d0a0d52\" data-id=\"d0a0d52\" data-element_type=\"column\" data-e-type=\"column\">\n\t\t\t<div class=\"elementor-widget-wrap elementor-element-populated\">\n\t\t\t\t\t\t<div class=\"elementor-element elementor-element-85a7c91 elementor-widget elementor-widget-text-editor\" data-id=\"85a7c91\" data-element_type=\"widget\" data-e-type=\"widget\" data-widget_type=\"text-editor.default\">\n\t\t\t\t<div class=\"elementor-widget-container\">\n\t\t\t\t\t\t\t\t\t<p>Oferujemy klemy ko\u0144cowe srebrne lub czarne.<\/p><p>Czarne malowane proszkowo lub anodowane.<\/p><p>W przypadku anodowania jest ono wykonywana przed lub po ci\u0119ciu.\u00a0<\/p><p>D\u0142ugo\u015b\u0107 klem dostosowana do potrzeby klienta.<\/p><p>Czas oczekiwania uzale\u017cniony od wielko\u015bci produkcji.\u00a0<\/p>\t\t\t\t\t\t\t\t<\/div>\n\t\t\t\t<\/div>\n\t\t\t\t<div class=\"elementor-element elementor-element-dac7a93 elementor-widget elementor-widget-text-editor\" data-id=\"dac7a93\" data-element_type=\"widget\" data-e-type=\"widget\" data-widget_type=\"text-editor.default\">\n\t\t\t\t<div class=\"elementor-widget-container\">\n\t\t\t\t\t\t\t\t\t<p style=\"text-align: center;\"><strong>Przyk\u0142adowe wzory klem ko\u0144cowych<\/strong><\/p>\t\t\t\t\t\t\t\t<\/div>\n\t\t\t\t<\/div>\n\t\t\t\t<div class=\"elementor-element elementor-element-639404d elementor-widget elementor-widget-image\" data-id=\"639404d\" data-element_type=\"widget\" data-e-type=\"widget\" data-widget_type=\"image.default\">\n\t\t\t\t<div class=\"elementor-widget-container\">\n\t\t\t\t\t\t\t\t\t\t\t\t\t\t\t<img fetchpriority=\"high\" decoding=\"async\" width=\"724\" height=\"1024\" src=\"https:\/\/klugar.eu\/blog\/wp-content\/uploads\/2023\/04\/tinywow_End-Clamp-series_19050731_1-724x1024.jpg\" class=\"attachment-large size-large wp-image-288\" alt=\"\" srcset=\"https:\/\/klugar.eu\/blog\/wp-content\/uploads\/2023\/04\/tinywow_End-Clamp-series_19050731_1-724x1024.jpg 724w, https:\/\/klugar.eu\/blog\/wp-content\/uploads\/2023\/04\/tinywow_End-Clamp-series_19050731_1-212x300.jpg 212w, https:\/\/klugar.eu\/blog\/wp-content\/uploads\/2023\/04\/tinywow_End-Clamp-series_19050731_1-768x1086.jpg 768w, https:\/\/klugar.eu\/blog\/wp-content\/uploads\/2023\/04\/tinywow_End-Clamp-series_19050731_1-1086x1536.jpg 1086w, https:\/\/klugar.eu\/blog\/wp-content\/uploads\/2023\/04\/tinywow_End-Clamp-series_19050731_1-1448x2048.jpg 1448w, https:\/\/klugar.eu\/blog\/wp-content\/uploads\/2023\/04\/tinywow_End-Clamp-series_19050731_1.jpg 1653w\" sizes=\"(max-width: 724px) 100vw, 724px\" \/>\t\t\t\t\t\t\t\t\t\t\t\t\t\t\t<\/div>\n\t\t\t\t<\/div>\n\t\t\t\t<div class=\"elementor-element elementor-element-55e2d2f elementor-align-center elementor-widget elementor-widget-button\" data-id=\"55e2d2f\" data-element_type=\"widget\" data-e-type=\"widget\" data-widget_type=\"button.default\">\n\t\t\t\t<div class=\"elementor-widget-container\">\n\t\t\t\t\t\t\t\t\t<div class=\"elementor-button-wrapper\">\n\t\t\t\t\t<a class=\"elementor-button elementor-button-link elementor-size-sm\" href=\"tel:+48575788194\">\n\t\t\t\t\t\t<span class=\"elementor-button-content-wrapper\">\n\t\t\t\t\t\t<span class=\"elementor-button-icon\">\n\t\t\t\t<i aria-hidden=\"true\" class=\"fas fa-phone-alt\"><\/i>\t\t\t<\/span>\n\t\t\t\t\t\t\t\t\t<span class=\"elementor-button-text\">ZADZWO\u0143 +48 57 57 88 194<\/span>\n\t\t\t\t\t<\/span>\n\t\t\t\t\t<\/a>\n\t\t\t\t<\/div>\n\t\t\t\t\t\t\t\t<\/div>\n\t\t\t\t<\/div>\n\t\t\t\t<div class=\"elementor-element elementor-element-f4fc6eb elementor-widget elementor-widget-image\" data-id=\"f4fc6eb\" data-element_type=\"widget\" data-e-type=\"widget\" data-widget_type=\"image.default\">\n\t\t\t\t<div class=\"elementor-widget-container\">\n\t\t\t\t\t\t\t\t\t\t\t\t\t\t\t<img decoding=\"async\" width=\"724\" height=\"1024\" src=\"https:\/\/klugar.eu\/blog\/wp-content\/uploads\/2023\/04\/tinywow_End-Clamp-series_19050731_2-724x1024.jpg\" class=\"attachment-large size-large wp-image-287\" alt=\"\" srcset=\"https:\/\/klugar.eu\/blog\/wp-content\/uploads\/2023\/04\/tinywow_End-Clamp-series_19050731_2-724x1024.jpg 724w, https:\/\/klugar.eu\/blog\/wp-content\/uploads\/2023\/04\/tinywow_End-Clamp-series_19050731_2-212x300.jpg 212w, https:\/\/klugar.eu\/blog\/wp-content\/uploads\/2023\/04\/tinywow_End-Clamp-series_19050731_2-768x1086.jpg 768w, https:\/\/klugar.eu\/blog\/wp-content\/uploads\/2023\/04\/tinywow_End-Clamp-series_19050731_2-1086x1536.jpg 1086w, https:\/\/klugar.eu\/blog\/wp-content\/uploads\/2023\/04\/tinywow_End-Clamp-series_19050731_2-1448x2048.jpg 1448w, https:\/\/klugar.eu\/blog\/wp-content\/uploads\/2023\/04\/tinywow_End-Clamp-series_19050731_2.jpg 1653w\" sizes=\"(max-width: 724px) 100vw, 724px\" \/>\t\t\t\t\t\t\t\t\t\t\t\t\t\t\t<\/div>\n\t\t\t\t<\/div>\n\t\t\t\t<div class=\"elementor-element elementor-element-b706dd6 elementor-button-info elementor-align-center elementor-widget elementor-widget-button\" data-id=\"b706dd6\" data-element_type=\"widget\" data-e-type=\"widget\" data-widget_type=\"button.default\">\n\t\t\t\t<div class=\"elementor-widget-container\">\n\t\t\t\t\t\t\t\t\t<div class=\"elementor-button-wrapper\">\n\t\t\t\t\t<a class=\"elementor-button elementor-button-link elementor-size-sm\" href=\"https:\/\/www.klugar.eu\/pl\/25-klemy\">\n\t\t\t\t\t\t<span class=\"elementor-button-content-wrapper\">\n\t\t\t\t\t\t\t\t\t<span class=\"elementor-button-text\">Zobacz ofert\u0119 indywidualna i hurtow\u0105<\/span>\n\t\t\t\t\t<\/span>\n\t\t\t\t\t<\/a>\n\t\t\t\t<\/div>\n\t\t\t\t\t\t\t\t<\/div>\n\t\t\t\t<\/div>\n\t\t\t\t\t<\/div>\n\t\t<\/div>\n\t\t\t\t\t<\/div>\n\t\t<\/section>\n\t\t\t\t<\/div>\n\t\t","protected":false},"excerpt":{"rendered":"<p>Oferujemy klemy ko\u0144cowe srebrne lub czarne. Czarne malowane proszkowo lub anodowane. W przypadku anodowania jest ono wykonywana przed lub po<\/p>\n","protected":false},"author":1,"featured_media":285,"parent":0,"menu_order":0,"comment_status":"closed","ping_status":"closed","template":"","meta":{"footnotes":""},"class_list":["post-283","page","type-page","status-publish","has-post-thumbnail","hentry"],"yoast_head":"<!-- This site is optimized with the Yoast SEO plugin v27.4 - https:\/\/yoast.com\/product\/yoast-seo-wordpress\/ -->\n<title>Klemy ko\u0144cowe od 15gr\/szt - Klugar - Prawda do fotowoltaice i OZE<\/title>\n<meta name=\"robots\" content=\"index, follow, max-snippet:-1, max-image-preview:large, max-video-preview:-1\" \/>\n<link rel=\"canonical\" href=\"https:\/\/klugar.eu\/blog\/elementor-283\/\" \/>\n<meta property=\"og:locale\" content=\"pl_PL\" \/>\n<meta property=\"og:type\" content=\"article\" \/>\n<meta property=\"og:title\" content=\"Klemy ko\u0144cowe od 15gr\/szt - Klugar - Prawda do fotowoltaice i OZE\" \/>\n<meta property=\"og:description\" content=\"Oferujemy klemy ko\u0144cowe srebrne lub czarne. Czarne malowane proszkowo lub anodowane. W przypadku anodowania jest ono wykonywana przed lub po\" \/>\n<meta property=\"og:url\" content=\"https:\/\/klugar.eu\/blog\/elementor-283\/\" \/>\n<meta property=\"og:site_name\" content=\"Klugar - Prawda do fotowoltaice i OZE\" \/>\n<meta property=\"article:modified_time\" content=\"2023-04-07T12:28:03+00:00\" \/>\n<meta property=\"og:image\" content=\"https:\/\/klugar.eu\/blog\/wp-content\/uploads\/2023\/04\/klema-koncowa-303540-srebrnaczarna.png\" \/>\n\t<meta property=\"og:image:width\" content=\"800\" \/>\n\t<meta property=\"og:image:height\" content=\"800\" \/>\n\t<meta property=\"og:image:type\" content=\"image\/png\" \/>\n<meta name=\"twitter:card\" content=\"summary_large_image\" \/>\n<meta name=\"twitter:label1\" content=\"Szacowany czas czytania\" \/>\n\t<meta name=\"twitter:data1\" content=\"1 minuta\" \/>\n<script type=\"application\/ld+json\" class=\"yoast-schema-graph\">{\"@context\":\"https:\\\/\\\/schema.org\",\"@graph\":[{\"@type\":\"WebPage\",\"@id\":\"https:\\\/\\\/klugar.eu\\\/blog\\\/elementor-283\\\/\",\"url\":\"https:\\\/\\\/klugar.eu\\\/blog\\\/elementor-283\\\/\",\"name\":\"Klemy ko\u0144cowe od 15gr\\\/szt - Klugar - Prawda do fotowoltaice i OZE\",\"isPartOf\":{\"@id\":\"https:\\\/\\\/klugar.eu\\\/blog\\\/#website\"},\"primaryImageOfPage\":{\"@id\":\"https:\\\/\\\/klugar.eu\\\/blog\\\/elementor-283\\\/#primaryimage\"},\"image\":{\"@id\":\"https:\\\/\\\/klugar.eu\\\/blog\\\/elementor-283\\\/#primaryimage\"},\"thumbnailUrl\":\"https:\\\/\\\/klugar.eu\\\/blog\\\/wp-content\\\/uploads\\\/2023\\\/04\\\/klema-koncowa-303540-srebrnaczarna.png\",\"datePublished\":\"2023-04-07T12:26:17+00:00\",\"dateModified\":\"2023-04-07T12:28:03+00:00\",\"breadcrumb\":{\"@id\":\"https:\\\/\\\/klugar.eu\\\/blog\\\/elementor-283\\\/#breadcrumb\"},\"inLanguage\":\"pl-PL\",\"potentialAction\":[{\"@type\":\"ReadAction\",\"target\":[\"https:\\\/\\\/klugar.eu\\\/blog\\\/elementor-283\\\/\"]}]},{\"@type\":\"ImageObject\",\"inLanguage\":\"pl-PL\",\"@id\":\"https:\\\/\\\/klugar.eu\\\/blog\\\/elementor-283\\\/#primaryimage\",\"url\":\"https:\\\/\\\/klugar.eu\\\/blog\\\/wp-content\\\/uploads\\\/2023\\\/04\\\/klema-koncowa-303540-srebrnaczarna.png\",\"contentUrl\":\"https:\\\/\\\/klugar.eu\\\/blog\\\/wp-content\\\/uploads\\\/2023\\\/04\\\/klema-koncowa-303540-srebrnaczarna.png\",\"width\":800,\"height\":800},{\"@type\":\"BreadcrumbList\",\"@id\":\"https:\\\/\\\/klugar.eu\\\/blog\\\/elementor-283\\\/#breadcrumb\",\"itemListElement\":[{\"@type\":\"ListItem\",\"position\":1,\"name\":\"Strona g\u0142\u00f3wna\",\"item\":\"https:\\\/\\\/klugar.eu\\\/blog\\\/de\\\/\"},{\"@type\":\"ListItem\",\"position\":2,\"name\":\"Klemy ko\u0144cowe od 15gr\\\/szt\"}]},{\"@type\":\"WebSite\",\"@id\":\"https:\\\/\\\/klugar.eu\\\/blog\\\/#website\",\"url\":\"https:\\\/\\\/klugar.eu\\\/blog\\\/\",\"name\":\"Klugar - Prawda do fotowoltaice i OZE\",\"description\":\"Klugar - Prawda do  fotowoltaice i OZE\",\"publisher\":{\"@id\":\"https:\\\/\\\/klugar.eu\\\/blog\\\/#organization\"},\"potentialAction\":[{\"@type\":\"SearchAction\",\"target\":{\"@type\":\"EntryPoint\",\"urlTemplate\":\"https:\\\/\\\/klugar.eu\\\/blog\\\/?s={search_term_string}\"},\"query-input\":{\"@type\":\"PropertyValueSpecification\",\"valueRequired\":true,\"valueName\":\"search_term_string\"}}],\"inLanguage\":\"pl-PL\"},{\"@type\":\"Organization\",\"@id\":\"https:\\\/\\\/klugar.eu\\\/blog\\\/#organization\",\"name\":\"Klugar - Prawda do fotowoltaice i OZE\",\"url\":\"https:\\\/\\\/klugar.eu\\\/blog\\\/\",\"logo\":{\"@type\":\"ImageObject\",\"inLanguage\":\"pl-PL\",\"@id\":\"https:\\\/\\\/klugar.eu\\\/blog\\\/#\\\/schema\\\/logo\\\/image\\\/\",\"url\":\"https:\\\/\\\/klugar.eu\\\/blog\\\/wp-content\\\/uploads\\\/2022\\\/10\\\/logo-kluObszar-roboczy-1@1.5x-100.jpg\",\"contentUrl\":\"https:\\\/\\\/klugar.eu\\\/blog\\\/wp-content\\\/uploads\\\/2022\\\/10\\\/logo-kluObszar-roboczy-1@1.5x-100.jpg\",\"width\":300,\"height\":56,\"caption\":\"Klugar - Prawda do  fotowoltaice i OZE\"},\"image\":{\"@id\":\"https:\\\/\\\/klugar.eu\\\/blog\\\/#\\\/schema\\\/logo\\\/image\\\/\"}}]}<\/script>\n<!-- \/ Yoast SEO plugin. -->","yoast_head_json":{"title":"Klemy ko\u0144cowe od 15gr\/szt - Klugar - Prawda do fotowoltaice i OZE","robots":{"index":"index","follow":"follow","max-snippet":"max-snippet:-1","max-image-preview":"max-image-preview:large","max-video-preview":"max-video-preview:-1"},"canonical":"https:\/\/klugar.eu\/blog\/elementor-283\/","og_locale":"pl_PL","og_type":"article","og_title":"Klemy ko\u0144cowe od 15gr\/szt - Klugar - Prawda do fotowoltaice i OZE","og_description":"Oferujemy klemy ko\u0144cowe srebrne lub czarne. Czarne malowane proszkowo lub anodowane. W przypadku anodowania jest ono wykonywana przed lub po","og_url":"https:\/\/klugar.eu\/blog\/elementor-283\/","og_site_name":"Klugar - Prawda do fotowoltaice i OZE","article_modified_time":"2023-04-07T12:28:03+00:00","og_image":[{"width":800,"height":800,"url":"https:\/\/klugar.eu\/blog\/wp-content\/uploads\/2023\/04\/klema-koncowa-303540-srebrnaczarna.png","type":"image\/png"}],"twitter_card":"summary_large_image","twitter_misc":{"Szacowany czas czytania":"1 minuta"},"schema":{"@context":"https:\/\/schema.org","@graph":[{"@type":"WebPage","@id":"https:\/\/klugar.eu\/blog\/elementor-283\/","url":"https:\/\/klugar.eu\/blog\/elementor-283\/","name":"Klemy ko\u0144cowe od 15gr\/szt - Klugar - Prawda do fotowoltaice i OZE","isPartOf":{"@id":"https:\/\/klugar.eu\/blog\/#website"},"primaryImageOfPage":{"@id":"https:\/\/klugar.eu\/blog\/elementor-283\/#primaryimage"},"image":{"@id":"https:\/\/klugar.eu\/blog\/elementor-283\/#primaryimage"},"thumbnailUrl":"https:\/\/klugar.eu\/blog\/wp-content\/uploads\/2023\/04\/klema-koncowa-303540-srebrnaczarna.png","datePublished":"2023-04-07T12:26:17+00:00","dateModified":"2023-04-07T12:28:03+00:00","breadcrumb":{"@id":"https:\/\/klugar.eu\/blog\/elementor-283\/#breadcrumb"},"inLanguage":"pl-PL","potentialAction":[{"@type":"ReadAction","target":["https:\/\/klugar.eu\/blog\/elementor-283\/"]}]},{"@type":"ImageObject","inLanguage":"pl-PL","@id":"https:\/\/klugar.eu\/blog\/elementor-283\/#primaryimage","url":"https:\/\/klugar.eu\/blog\/wp-content\/uploads\/2023\/04\/klema-koncowa-303540-srebrnaczarna.png","contentUrl":"https:\/\/klugar.eu\/blog\/wp-content\/uploads\/2023\/04\/klema-koncowa-303540-srebrnaczarna.png","width":800,"height":800},{"@type":"BreadcrumbList","@id":"https:\/\/klugar.eu\/blog\/elementor-283\/#breadcrumb","itemListElement":[{"@type":"ListItem","position":1,"name":"Strona g\u0142\u00f3wna","item":"https:\/\/klugar.eu\/blog\/de\/"},{"@type":"ListItem","position":2,"name":"Klemy ko\u0144cowe od 15gr\/szt"}]},{"@type":"WebSite","@id":"https:\/\/klugar.eu\/blog\/#website","url":"https:\/\/klugar.eu\/blog\/","name":"Klugar - Prawda do fotowoltaice i OZE","description":"Klugar - Prawda do  fotowoltaice i OZE","publisher":{"@id":"https:\/\/klugar.eu\/blog\/#organization"},"potentialAction":[{"@type":"SearchAction","target":{"@type":"EntryPoint","urlTemplate":"https:\/\/klugar.eu\/blog\/?s={search_term_string}"},"query-input":{"@type":"PropertyValueSpecification","valueRequired":true,"valueName":"search_term_string"}}],"inLanguage":"pl-PL"},{"@type":"Organization","@id":"https:\/\/klugar.eu\/blog\/#organization","name":"Klugar - Prawda do fotowoltaice i OZE","url":"https:\/\/klugar.eu\/blog\/","logo":{"@type":"ImageObject","inLanguage":"pl-PL","@id":"https:\/\/klugar.eu\/blog\/#\/schema\/logo\/image\/","url":"https:\/\/klugar.eu\/blog\/wp-content\/uploads\/2022\/10\/logo-kluObszar-roboczy-1@1.5x-100.jpg","contentUrl":"https:\/\/klugar.eu\/blog\/wp-content\/uploads\/2022\/10\/logo-kluObszar-roboczy-1@1.5x-100.jpg","width":300,"height":56,"caption":"Klugar - Prawda do  fotowoltaice i OZE"},"image":{"@id":"https:\/\/klugar.eu\/blog\/#\/schema\/logo\/image\/"}}]}},"amp_enabled":true,"_links":{"self":[{"href":"https:\/\/klugar.eu\/blog\/wp-json\/wp\/v2\/pages\/283","targetHints":{"allow":["GET"]}}],"collection":[{"href":"https:\/\/klugar.eu\/blog\/wp-json\/wp\/v2\/pages"}],"about":[{"href":"https:\/\/klugar.eu\/blog\/wp-json\/wp\/v2\/types\/page"}],"author":[{"embeddable":true,"href":"https:\/\/klugar.eu\/blog\/wp-json\/wp\/v2\/users\/1"}],"replies":[{"embeddable":true,"href":"https:\/\/klugar.eu\/blog\/wp-json\/wp\/v2\/comments?post=283"}],"version-history":[{"count":5,"href":"https:\/\/klugar.eu\/blog\/wp-json\/wp\/v2\/pages\/283\/revisions"}],"predecessor-version":[{"id":291,"href":"https:\/\/klugar.eu\/blog\/wp-json\/wp\/v2\/pages\/283\/revisions\/291"}],"wp:featuredmedia":[{"embeddable":true,"href":"https:\/\/klugar.eu\/blog\/wp-json\/wp\/v2\/media\/285"}],"wp:attachment":[{"href":"https:\/\/klugar.eu\/blog\/wp-json\/wp\/v2\/media?parent=283"}],"curies":[{"name":"wp","href":"https:\/\/api.w.org\/{rel}","templated":true}]}}